{"id":162,"date":"2023-03-31T20:24:08","date_gmt":"2023-03-31T20:24:08","guid":{"rendered":"https:\/\/stockbeauty.payshop.com.co\/?product=tinte-nouvelle-x100g"},"modified":"2026-01-27T00:34:55","modified_gmt":"2026-01-27T00:34:55","slug":"tinte-nouvelle-x100g","status":"publish","type":"product","link":"http:\/\/stockbeauty.payshop.com.co\/?product=tinte-nouvelle-x100g","title":{"rendered":"TINTE NOUVELLE X100G"},"content":{"rendered":"<p>SOLICITA EL COLOR CON NUESTRA ASESORA 3192190269<\/p>\n<p style=\"margin: 0px;padding: 0px 0px 1em;border: 0px;vertical-align: baseline;background: transparent\" data-mce-style=\"margin: 0px; padding: 0px 0px 1em; border: 0px; vertical-align: baseline; background: transparent;\"><strong><span style=\"font-family: Open-sans, sans-serif;font-size: small\" data-mce-style=\"font-family: Open-sans, sans-serif; font-size: small;\"><span style=\"margin: 0px;padding: 0px;border: 0px;font-size: 13px;vertical-align: baseline;background: transparent\" data-mce-style=\"margin: 0px; padding: 0px; border: 0px; font-size: 13px; vertical-align: baseline; background: transparent;\">*OPCIONES<\/span><span style=\"margin: 0px;padding: 0px;border: 0px;font-size: 13px;vertical-align: baseline;background: transparent\" data-mce-style=\"margin: 0px; padding: 0px; border: 0px; font-size: 13px; vertical-align: baseline; background: transparent;\"> DE ENV\u00cdO:<\/span><\/span><\/strong><\/p>\n<p style=\"margin: 0px;padding: 0px 0px 1em;border: 0px;vertical-align: baseline;background: transparent\" data-mce-style=\"margin: 0px; padding: 0px 0px 1em; border: 0px; vertical-align: baseline; background: transparent;\"><span style=\"font-family: Open-sans, sans-serif;font-size: small\" data-mce-style=\"font-family: Open-sans, sans-serif; font-size: small;\"><span style=\"margin: 0px;padding: 0px;border: 0px;font-size: 13px;vertical-align: baseline;background: transparent;font-weight: bold\" data-mce-style=\"margin: 0px; padding: 0px; border: 0px; font-size: 13px; vertical-align: baseline; background: transparent; font-weight: bold;\">1.<\/span><\/span><span style=\"font-family: Open-sans, sans-serif;font-size: small\" data-mce-style=\"font-family: Open-sans, sans-serif; font-size: small;\"><strong> PAGO CONTRAENTREGA<\/strong>: S\u00d3LO BOGOT\u00c1 (<\/span><span style=\"background-color: transparent;font-family: Open-sans, sans-serif;font-size: small\" data-mce-style=\"background-color: transparent; font-family: Open-sans, sans-serif; font-size: small;\"><a href=\"https:\/\/stockbeauty.payshop.com.co\/?product=envio-solo-bogota\" target=\"_blank\" rel=\"noopener\" data-mce-href=\"https:\/\/stockbeauty.payshop.com.co\/?product=envio-solo-bogota\">+ ENV\u00cdO $10.000 AQU\u00cd<\/a>).<\/span><span style=\"background-color: transparent;font-family: Open-sans, sans-serif;font-size: small\" data-mce-style=\"background-color: transparent; font-family: Open-sans, sans-serif; font-size: small;\"> Click en \u00ab<\/span><strong style=\"background-color: transparent;font-family: Open-sans, sans-serif;font-size: small\" data-mce-style=\"background-color: transparent; font-family: Open-sans, sans-serif; font-size: small;\">A\u00f1adir al carrito<\/strong><span style=\"background-color: transparent;font-family: Open-sans, sans-serif;font-size: small\" data-mce-style=\"background-color: transparent; font-family: Open-sans, sans-serif; font-size: small;\">\u00ab<\/span><\/p>\n<p style=\"margin: 0px;padding: 0px 0px 1em;border: 0px;vertical-align: baseline;background: transparent\" data-mce-style=\"margin: 0px; padding: 0px 0px 1em; border: 0px; vertical-align: baseline; background: transparent;\">2.<strong>PARA ENV\u00cdO A BOGOTA POR INTERRAPID\u00cdSIMO<\/strong>: Click en <strong>solicitar pago electr\u00f3nico<\/strong>, adicionar\u00a0 el valor de la compra mas el costo del\u00a0 env\u00edo a Bogot\u00e1 por <strong>$7.800<\/strong><\/p>\n<p style=\"margin: 0px;padding: 0px 0px 1em;border: 0px;vertical-align: baseline;background: transparent\" data-mce-style=\"margin: 0px; padding: 0px 0px 1em; border: 0px; vertical-align: baseline; background: transparent;\">3.<strong>PARA ENV\u00cdO NACIONAL<\/strong>: Click en <strong>solicitar pago eletr\u00f3nico<\/strong>, <span style=\"background-color: transparent\" data-mce-style=\"background-color: transparent;\">adicionar el valor de la compra m\u00e1s el costo del\u00a0 env\u00edo a TU CIUDAD por<strong> $15.500<\/strong><\/span><\/p>\n<p style=\"margin: 0px;padding: 0px 0px 1em;border: 0px;vertical-align: baseline;background: transparent\" data-mce-style=\"margin: 0px; padding: 0px 0px 1em; border: 0px; vertical-align: baseline; background: transparent;\">EN CASO DE VIVIR AL REDEDORES DE SUBA TURINGIA EL ENV\u00cdO ES GRATIS.<\/p>\n<p><a href=\"https:\/\/api.whatsapp.com\/send?phone=573192190269&amp;fbclid=IwAR2KbesuJHmTXUdoK63gDkIsMefogdnxZ_QJl_m1_4QeU9pDoAgFq3C6GxA\" target=\"_blank\" rel=\"noopener\" data-mce-href=\"https:\/\/api.whatsapp.com\/send?phone=573192190269&amp;fbclid=IwAR2KbesuJHmTXUdoK63gDkIsMefogdnxZ_QJl_m1_4QeU9pDoAgFq3C6GxA\"><img decoding=\"async\" class=\"alignnone wp-image-422 lazyload\" data-src=\"https:\/\/stockbeauty.payshop.com.co\/wp-content\/uploads\/sites\/72\/2024\/03\/PAGO-ELECTRONICO-MAS-ENVIO-300x61.png\" alt=\"\" width=\"290\" height=\"59\" data-mce-data-src=\"https:\/\/stockbeauty.payshop.com.co\/wp-content\/uploads\/sites\/72\/2024\/03\/PAGO-ELECTRONICO-MAS-ENVIO-300x61.png\" src=\"data:image\/svg+xml;base64,PHN2ZyB3aWR0aD0iMSIgaGVpZ2h0PSIxIiB4bWxucz0iaHR0cDovL3d3dy53My5vcmcvMjAwMC9zdmciPjwvc3ZnPg==\" style=\"--smush-placeholder-width: 290px; --smush-placeholder-aspect-ratio: 290\/59;\"><\/a><\/p>\n","protected":false},"excerpt":{"rendered":"<p class=\"ContentPasted0\"><span style=\"border: 0px;font-style: inherit;font-variant: inherit;font-weight: inherit;font-size: 11pt;line-height: inherit;font-family: inherit;margin: 0px;padding: 0px;vertical-align: baseline;color: inherit\" data-mce-style=\"border: 0px; font-style: inherit; font-variant: inherit; font-weight: inherit; font-size: 11pt; line-height: inherit; font-family: inherit; margin: 0px; padding: 0px; vertical-align: baseline; color: inherit;\">Pregunta en el whats app los tonos disponibles, haciendo clik en:\u00a0<\/span><a id=\"OWA91ebe20a-92e7-6940-9320-e3ff92e6dea0\" class=\"OWAAutoLink ContentPasted0\" style=\"border: 0px;font: inherit;margin: 0px;padding: 0px;vertical-align: baseline\" href=\"https:\/\/api.whatsapp.com\/send?phone=573192190269\" target=\"_blank\" rel=\"noopener\" data-mce-href=\"https:\/\/api.whatsapp.com\/send?phone=573192190269\" data-mce-style=\"border: 0px; font: inherit; margin: 0px; padding: 0px; vertical-align: baseline;\"><span style=\"border: 0px;font-style: inherit;font-variant: inherit;font-weight: inherit;font-size: 11pt;line-height: inherit;font-family: inherit;margin: 0px;padding: 0px;vertical-align: baseline;color: inherit\" data-mce-style=\"border: 0px; font-style: inherit; font-variant: inherit; font-weight: inherit; font-size: 11pt; line-height: inherit; font-family: inherit; margin: 0px; padding: 0px; vertical-align: baseline; color: inherit;\">3192190269<\/span><\/a><span style=\"border: 0px;font-style: inherit;font-variant: inherit;font-weight: inherit;font-size: 11pt;line-height: inherit;font-family: inherit;margin: 0px;padding: 0px;vertical-align: baseline;color: inherit\" data-mce-style=\"border: 0px; font-style: inherit; font-variant: inherit; font-weight: inherit; font-size: 11pt; line-height: inherit; font-family: inherit; margin: 0px; padding: 0px; vertical-align: baseline; color: inherit;\">\u00a0 segun la <a data-mce-href=\"https:\/\/stockbeauty.payshop.com.co\/wp-content\/uploads\/sites\/72\/2025\/07\/carta-nouvell.pdf\" href=\"https:\/\/stockbeauty.payshop.com.co\/wp-content\/uploads\/sites\/72\/2025\/07\/carta-nouvell.pdf\" target=\"_blank\" rel=\"noopener\">CARTA DE COLOR DE ESTE LINK AQU\u00cd<\/a><\/span><\/p>\n<p><span style=\"border: 0px;font-style: inherit;font-variant: inherit;font-weight: inherit;font-size: 11pt;line-height: inherit;font-family: inherit;margin: 0px;padding: 0px;vertical-align: baseline;color: inherit\" data-mce-style=\"border: 0px; font-style: inherit; font-variant: inherit; font-weight: inherit; font-size: 11pt; line-height: inherit; font-family: inherit; margin: 0px; padding: 0px; vertical-align: baseline; color: inherit;\"><strong><em class=\"ContentPasted0\">BENEFICIOS<\/em><\/strong><\/span><\/p>\n<p class=\"ContentPasted0\" style=\"margin: 0px 0px 1em;font-family: Lato, sans-serif;font-size: 20px\" data-mce-style=\"margin: 0px 0px 1em; font-family: Lato, sans-serif; font-size: 20px;\"><span style=\"border: 0px;font-style: inherit;font-variant: inherit;font-weight: inherit;font-size: 11pt;line-height: inherit;font-family: inherit;margin: 0px;padding: 0px;vertical-align: baseline;color: inherit\" data-mce-style=\"border: 0px; font-style: inherit; font-variant: inherit; font-weight: inherit; font-size: 11pt; line-height: inherit; font-family: inherit; margin: 0px; padding: 0px; vertical-align: baseline; color: inherit;\">Tubo x 100\u202fg acompa\u00f1ado de un sobre de sellador de cut\u00edcula x 15g y oxigenta frasco 100ml.\u00a0<\/span><br class=\"ContentPasted0\"><span style=\"border: 0px;font-style: inherit;font-variant: inherit;font-weight: inherit;font-size: 11pt;line-height: inherit;font-family: inherit;margin: 0px;padding: 0px;vertical-align: baseline;color: inherit\" data-mce-style=\"border: 0px; font-style: inherit; font-variant: inherit; font-weight: inherit; font-size: 11pt; line-height: inherit; font-family: inherit; margin: 0px; padding: 0px; vertical-align: baseline; color: inherit;\">Fue desarrollado con una mol\u00e9cula capaz de suministrar prote\u00ednas y activos al cabello, con esta tecnolog\u00eda permite cambiar el color de su cabello, reafirmar el tono natural y brinda mayor cubrimiento de canas; el uso de biooceanic color ofrece la ventaja de una coloraci\u00f3n m\u00e1s r\u00e1pida dentro de la corteza del cabello; esto le permite a un profesional de la coloraci\u00f3n capilar, aplicar un tinte con mayor intensidad con efecto prolongado, conservando su apariencia natural, suave, sedosa y brillante.<\/span><\/p>\n<p style=\"margin: 0px;padding: 0px 0px 1em;border: 0px;vertical-align: baseline;background: transparent\" data-mce-style=\"margin: 0px; padding: 0px 0px 1em; border: 0px; vertical-align: baseline; background: transparent;\"><strong><span style=\"font-family: Open-sans, sans-serif;font-size: small\" data-mce-style=\"font-family: Open-sans, sans-serif; font-size: small;\"><span style=\"margin: 0px;padding: 0px;border: 0px;font-size: 13px;vertical-align: baseline;background: transparent\" data-mce-style=\"margin: 0px; padding: 0px; border: 0px; font-size: 13px; vertical-align: baseline; background: transparent;\">*OPCIONES<\/span><span style=\"margin: 0px;padding: 0px;border: 0px;font-size: 13px;vertical-align: baseline;background: transparent\" data-mce-style=\"margin: 0px; padding: 0px; border: 0px; font-size: 13px; vertical-align: baseline; background: transparent;\"> DE ENV\u00cdO:<\/span><\/span><\/strong><\/p>\n<p style=\"margin: 0px;padding: 0px 0px 1em;border: 0px;vertical-align: baseline;background: transparent\" data-mce-style=\"margin: 0px; padding: 0px 0px 1em; border: 0px; vertical-align: baseline; background: transparent;\"><span style=\"font-family: Open-sans, sans-serif;font-size: small\" data-mce-style=\"font-family: Open-sans, sans-serif; font-size: small;\"><span style=\"margin: 0px;padding: 0px;border: 0px;font-size: 13px;vertical-align: baseline;background: transparent;font-weight: bold\" data-mce-style=\"margin: 0px; padding: 0px; border: 0px; font-size: 13px; vertical-align: baseline; background: transparent; font-weight: bold;\">1.<\/span><\/span><span style=\"font-family: Open-sans, sans-serif;font-size: small\" data-mce-style=\"font-family: Open-sans, sans-serif; font-size: small;\"><strong> PAGO CONTRAENTREGA<\/strong>: S\u00d3LO BOGOT\u00c1 (<\/span><span style=\"background-color: transparent;font-family: Open-sans, sans-serif;font-size: small\" data-mce-style=\"background-color: transparent; font-family: Open-sans, sans-serif; font-size: small;\"><a href=\"https:\/\/stockbeauty.payshop.com.co\/?product=envio-solo-bogota\" target=\"_blank\" rel=\"noopener\" data-mce-href=\"https:\/\/stockbeauty.payshop.com.co\/?product=envio-solo-bogota\">+ ENV\u00cdO $11.000 AQU\u00cd<\/a>).<\/span><span style=\"background-color: transparent;font-family: Open-sans, sans-serif;font-size: small\" data-mce-style=\"background-color: transparent; font-family: Open-sans, sans-serif; font-size: small;\"> Click en \u00ab<\/span><strong style=\"background-color: transparent;font-family: Open-sans, sans-serif;font-size: small\" data-mce-style=\"background-color: transparent; font-family: Open-sans, sans-serif; font-size: small;\">A\u00f1adir al carrito<\/strong><span style=\"background-color: transparent;font-family: Open-sans, sans-serif;font-size: small\" data-mce-style=\"background-color: transparent; font-family: Open-sans, sans-serif; font-size: small;\">\u00ab<\/span><\/p>\n<p style=\"margin: 0px;padding: 0px 0px 1em;border: 0px;vertical-align: baseline;background: transparent\" data-mce-style=\"margin: 0px; padding: 0px 0px 1em; border: 0px; vertical-align: baseline; background: transparent;\">2.<strong>PARA ENV\u00cdO A BOGOTA POR INTERRAPID\u00cdSIMO<\/strong>: Click en <strong>solicitar pago electr\u00f3nico<\/strong>, adicionar\u00a0 el valor de la compra mas el costo del\u00a0 env\u00edo a Bogot\u00e1 por <strong>$8.500<\/strong><\/p>\n<p style=\"margin: 0px;padding: 0px 0px 1em;border: 0px;vertical-align: baseline;background: transparent\" data-mce-style=\"margin: 0px; padding: 0px 0px 1em; border: 0px; vertical-align: baseline; background: transparent;\">3.<strong>PARA ENV\u00cdO NACIONAL<\/strong>: Click en <strong>solicitar pago eletr\u00f3nico<\/strong>, <span style=\"background-color: transparent\" data-mce-style=\"background-color: transparent;\">adicionar el valor de la compra m\u00e1s el costo del\u00a0 env\u00edo a TU CIUDAD por<strong> $17.800<\/strong><\/span><\/p>\n<p style=\"margin: 0px;padding: 0px 0px 1em;border: 0px;vertical-align: baseline;background: transparent\" data-mce-style=\"margin: 0px; padding: 0px 0px 1em; border: 0px; vertical-align: baseline; background: transparent;\">EN CASO DE VIVIR AL REDEDORES DE SUBA TURINGIA EL ENV\u00cdO ES GRATIS.<\/p>\n<p><a href=\"https:\/\/api.whatsapp.com\/send?phone=573192190269&amp;fbclid=IwAR2KbesuJHmTXUdoK63gDkIsMefogdnxZ_QJl_m1_4QeU9pDoAgFq3C6GxA\" target=\"_blank\" rel=\"noopener\" data-mce-href=\"https:\/\/api.whatsapp.com\/send?phone=573192190269&amp;fbclid=IwAR2KbesuJHmTXUdoK63gDkIsMefogdnxZ_QJl_m1_4QeU9pDoAgFq3C6GxA\"><img decoding=\"async\" class=\"alignnone wp-image-422 lazyload\" data-src=\"https:\/\/stockbeauty.payshop.com.co\/wp-content\/uploads\/sites\/72\/2024\/03\/PAGO-ELECTRONICO-MAS-ENVIO-300x61.png\" alt=\"\" width=\"290\" height=\"59\" data-mce-data-src=\"https:\/\/stockbeauty.payshop.com.co\/wp-content\/uploads\/sites\/72\/2024\/03\/PAGO-ELECTRONICO-MAS-ENVIO-300x61.png\" src=\"data:image\/svg+xml;base64,PHN2ZyB3aWR0aD0iMSIgaGVpZ2h0PSIxIiB4bWxucz0iaHR0cDovL3d3dy53My5vcmcvMjAwMC9zdmciPjwvc3ZnPg==\" style=\"--smush-placeholder-width: 290px; --smush-placeholder-aspect-ratio: 290\/59;\"><\/a><\/p>\n<p><\/p>\n","protected":false},"featured_media":161,"comment_status":"open","ping_status":"closed","template":"","meta":{"_et_pb_use_builder":"","_et_pb_old_content":"","_et_gb_content_width":"","content-type":"","_monsterinsights_skip_tracking":false,"_monsterinsights_sitenote_active":false,"_monsterinsights_sitenote_note":"","_monsterinsights_sitenote_category":0,"_joinchat":[]},"product_brand":[],"product_cat":[45],"product_tag":[],"class_list":{"0":"post-162","1":"product","2":"type-product","3":"status-publish","4":"has-post-thumbnail","6":"product_cat-capilar","8":"first","9":"instock","10":"shipping-taxable","11":"purchasable","12":"product-type-simple"},"yoast_head":"<!-- This site is optimized with the Yoast SEO plugin v27.0 - https:\/\/yoast.com\/product\/yoast-seo-wordpress\/ -->\n<title>TINTE NOUVELLE X100G - STOCK BEAUTY<\/title>\n<meta name=\"description\" content=\"distribuidora de belleza, tienda de belleza en suba, mascarillas capilares, matizantes, cuidado capilar, productos skin care, u\u00f1as, tintes para el cabello en suba\" \/>\n<meta name=\"robots\" content=\"index, follow, max-snippet:-1, max-image-preview:large, max-video-preview:-1\" \/>\n<link rel=\"canonical\" href=\"http:\/\/stockbeauty.payshop.com.co\/?product=tinte-nouvelle-x100g\" \/>\n<meta property=\"og:locale\" content=\"es_ES\" \/>\n<meta property=\"og:type\" content=\"article\" \/>\n<meta property=\"og:title\" content=\"TINTE NOUVELLE X100G - STOCK BEAUTY\" \/>\n<meta property=\"og:description\" content=\"distribuidora de belleza, tienda de belleza en suba, mascarillas capilares, matizantes, cuidado capilar, productos skin care, u\u00f1as, tintes para el cabello en suba\" \/>\n<meta property=\"og:url\" content=\"http:\/\/stockbeauty.payshop.com.co\/?product=tinte-nouvelle-x100g\" \/>\n<meta property=\"og:site_name\" content=\"STOCK BEAUTY\" \/>\n<meta property=\"article:publisher\" content=\"https:\/\/www.facebook.com\/StockBeautyColombia?locale=es_LA\" \/>\n<meta property=\"article:modified_time\" content=\"2026-01-27T00:34:55+00:00\" \/>\n<meta property=\"og:image\" content=\"http:\/\/stockbeauty.payshop.com.co\/wp-content\/uploads\/sites\/72\/2023\/03\/NOUVELLE-STOCK-BEAUTY.png\" \/>\n\t<meta property=\"og:image:width\" content=\"800\" \/>\n\t<meta property=\"og:image:height\" content=\"800\" \/>\n\t<meta property=\"og:image:type\" content=\"image\/png\" \/>\n<meta name=\"twitter:card\" content=\"summary_large_image\" \/>\n<meta name=\"twitter:site\" content=\"@StockBeauty\" \/>\n<script type=\"application\/ld+json\" class=\"yoast-schema-graph\">{\"@context\":\"https:\/\/schema.org\",\"@graph\":[{\"@type\":\"WebPage\",\"@id\":\"http:\/\/stockbeauty.payshop.com.co\/?product=tinte-nouvelle-x100g\",\"url\":\"http:\/\/stockbeauty.payshop.com.co\/?product=tinte-nouvelle-x100g\",\"name\":\"TINTE NOUVELLE X100G - STOCK BEAUTY\",\"isPartOf\":{\"@id\":\"http:\/\/stockbeauty.payshop.com.co\/#website\"},\"primaryImageOfPage\":{\"@id\":\"http:\/\/stockbeauty.payshop.com.co\/?product=tinte-nouvelle-x100g#primaryimage\"},\"image\":{\"@id\":\"http:\/\/stockbeauty.payshop.com.co\/?product=tinte-nouvelle-x100g#primaryimage\"},\"thumbnailUrl\":\"http:\/\/stockbeauty.payshop.com.co\/wp-content\/uploads\/sites\/72\/2023\/03\/NOUVELLE-STOCK-BEAUTY.png\",\"datePublished\":\"2023-03-31T20:24:08+00:00\",\"dateModified\":\"2026-01-27T00:34:55+00:00\",\"description\":\"distribuidora de belleza, tienda de belleza en suba, mascarillas capilares, matizantes, cuidado capilar, productos skin care, u\u00f1as, tintes para el cabello en suba\",\"breadcrumb\":{\"@id\":\"http:\/\/stockbeauty.payshop.com.co\/?product=tinte-nouvelle-x100g#breadcrumb\"},\"inLanguage\":\"es\",\"potentialAction\":[{\"@type\":\"ReadAction\",\"target\":[\"http:\/\/stockbeauty.payshop.com.co\/?product=tinte-nouvelle-x100g\"]}]},{\"@type\":\"ImageObject\",\"inLanguage\":\"es\",\"@id\":\"http:\/\/stockbeauty.payshop.com.co\/?product=tinte-nouvelle-x100g#primaryimage\",\"url\":\"http:\/\/stockbeauty.payshop.com.co\/wp-content\/uploads\/sites\/72\/2023\/03\/NOUVELLE-STOCK-BEAUTY.png\",\"contentUrl\":\"http:\/\/stockbeauty.payshop.com.co\/wp-content\/uploads\/sites\/72\/2023\/03\/NOUVELLE-STOCK-BEAUTY.png\",\"width\":800,\"height\":800},{\"@type\":\"BreadcrumbList\",\"@id\":\"http:\/\/stockbeauty.payshop.com.co\/?product=tinte-nouvelle-x100g#breadcrumb\",\"itemListElement\":[{\"@type\":\"ListItem\",\"position\":1,\"name\":\"Portada\",\"item\":\"http:\/\/stockbeauty.payshop.com.co\/\"},{\"@type\":\"ListItem\",\"position\":2,\"name\":\"Tienda\",\"item\":\"https:\/\/stockbeauty.payshop.com.co\/?page_id=9\"},{\"@type\":\"ListItem\",\"position\":3,\"name\":\"TINTE NOUVELLE X100G\"}]},{\"@type\":\"WebSite\",\"@id\":\"http:\/\/stockbeauty.payshop.com.co\/#website\",\"url\":\"http:\/\/stockbeauty.payshop.com.co\/\",\"name\":\"STOCK BEAUTY\",\"description\":\"Tienda de belleza\",\"publisher\":{\"@id\":\"http:\/\/stockbeauty.payshop.com.co\/#organization\"},\"alternateName\":\"stockbeautytiendadebellezaenlinea\",\"potentialAction\":[{\"@type\":\"SearchAction\",\"target\":{\"@type\":\"EntryPoint\",\"urlTemplate\":\"http:\/\/stockbeauty.payshop.com.co\/?s={search_term_string}\"},\"query-input\":{\"@type\":\"PropertyValueSpecification\",\"valueRequired\":true,\"valueName\":\"search_term_string\"}}],\"inLanguage\":\"es\"},{\"@type\":\"Organization\",\"@id\":\"http:\/\/stockbeauty.payshop.com.co\/#organization\",\"name\":\"STOCK BEAUTY\",\"alternateName\":\"stock beauty tienda de belleza en linea\",\"url\":\"http:\/\/stockbeauty.payshop.com.co\/\",\"logo\":{\"@type\":\"ImageObject\",\"inLanguage\":\"es\",\"@id\":\"http:\/\/stockbeauty.payshop.com.co\/#\/schema\/logo\/image\/\",\"url\":\"https:\/\/stockbeauty.payshop.com.co\/wp-content\/uploads\/sites\/72\/2023\/03\/Aviso-frontal-interior-y-jpg-distintos-usos.jpg\",\"contentUrl\":\"https:\/\/stockbeauty.payshop.com.co\/wp-content\/uploads\/sites\/72\/2023\/03\/Aviso-frontal-interior-y-jpg-distintos-usos.jpg\",\"width\":900,\"height\":900,\"caption\":\"STOCK BEAUTY\"},\"image\":{\"@id\":\"http:\/\/stockbeauty.payshop.com.co\/#\/schema\/logo\/image\/\"},\"sameAs\":[\"https:\/\/www.facebook.com\/StockBeautyColombia?locale=es_LA\",\"https:\/\/x.com\/StockBeauty\",\"https:\/\/www.instagram.com\/stockbeautycolombia\/\",\"https:\/\/www.youtube.com\/@StockbeautyAprenderdebelleza\",\"https:\/\/www.linkedin.com\/feed\/\"]}]}<\/script>\n<!-- \/ Yoast SEO plugin. -->","yoast_head_json":{"title":"TINTE NOUVELLE X100G - STOCK BEAUTY","description":"distribuidora de belleza, tienda de belleza en suba, mascarillas capilares, matizantes, cuidado capilar, productos skin care, u\u00f1as, tintes para el cabello en suba","robots":{"index":"index","follow":"follow","max-snippet":"max-snippet:-1","max-image-preview":"max-image-preview:large","max-video-preview":"max-video-preview:-1"},"canonical":"http:\/\/stockbeauty.payshop.com.co\/?product=tinte-nouvelle-x100g","og_locale":"es_ES","og_type":"article","og_title":"TINTE NOUVELLE X100G - STOCK BEAUTY","og_description":"distribuidora de belleza, tienda de belleza en suba, mascarillas capilares, matizantes, cuidado capilar, productos skin care, u\u00f1as, tintes para el cabello en suba","og_url":"http:\/\/stockbeauty.payshop.com.co\/?product=tinte-nouvelle-x100g","og_site_name":"STOCK BEAUTY","article_publisher":"https:\/\/www.facebook.com\/StockBeautyColombia?locale=es_LA","article_modified_time":"2026-01-27T00:34:55+00:00","og_image":[{"width":800,"height":800,"url":"http:\/\/stockbeauty.payshop.com.co\/wp-content\/uploads\/sites\/72\/2023\/03\/NOUVELLE-STOCK-BEAUTY.png","type":"image\/png"}],"twitter_card":"summary_large_image","twitter_site":"@StockBeauty","schema":{"@context":"https:\/\/schema.org","@graph":[{"@type":"WebPage","@id":"http:\/\/stockbeauty.payshop.com.co\/?product=tinte-nouvelle-x100g","url":"http:\/\/stockbeauty.payshop.com.co\/?product=tinte-nouvelle-x100g","name":"TINTE NOUVELLE X100G - STOCK BEAUTY","isPartOf":{"@id":"http:\/\/stockbeauty.payshop.com.co\/#website"},"primaryImageOfPage":{"@id":"http:\/\/stockbeauty.payshop.com.co\/?product=tinte-nouvelle-x100g#primaryimage"},"image":{"@id":"http:\/\/stockbeauty.payshop.com.co\/?product=tinte-nouvelle-x100g#primaryimage"},"thumbnailUrl":"http:\/\/stockbeauty.payshop.com.co\/wp-content\/uploads\/sites\/72\/2023\/03\/NOUVELLE-STOCK-BEAUTY.png","datePublished":"2023-03-31T20:24:08+00:00","dateModified":"2026-01-27T00:34:55+00:00","description":"distribuidora de belleza, tienda de belleza en suba, mascarillas capilares, matizantes, cuidado capilar, productos skin care, u\u00f1as, tintes para el cabello en suba","breadcrumb":{"@id":"http:\/\/stockbeauty.payshop.com.co\/?product=tinte-nouvelle-x100g#breadcrumb"},"inLanguage":"es","potentialAction":[{"@type":"ReadAction","target":["http:\/\/stockbeauty.payshop.com.co\/?product=tinte-nouvelle-x100g"]}]},{"@type":"ImageObject","inLanguage":"es","@id":"http:\/\/stockbeauty.payshop.com.co\/?product=tinte-nouvelle-x100g#primaryimage","url":"http:\/\/stockbeauty.payshop.com.co\/wp-content\/uploads\/sites\/72\/2023\/03\/NOUVELLE-STOCK-BEAUTY.png","contentUrl":"http:\/\/stockbeauty.payshop.com.co\/wp-content\/uploads\/sites\/72\/2023\/03\/NOUVELLE-STOCK-BEAUTY.png","width":800,"height":800},{"@type":"BreadcrumbList","@id":"http:\/\/stockbeauty.payshop.com.co\/?product=tinte-nouvelle-x100g#breadcrumb","itemListElement":[{"@type":"ListItem","position":1,"name":"Portada","item":"http:\/\/stockbeauty.payshop.com.co\/"},{"@type":"ListItem","position":2,"name":"Tienda","item":"https:\/\/stockbeauty.payshop.com.co\/?page_id=9"},{"@type":"ListItem","position":3,"name":"TINTE NOUVELLE X100G"}]},{"@type":"WebSite","@id":"http:\/\/stockbeauty.payshop.com.co\/#website","url":"http:\/\/stockbeauty.payshop.com.co\/","name":"STOCK BEAUTY","description":"Tienda de belleza","publisher":{"@id":"http:\/\/stockbeauty.payshop.com.co\/#organization"},"alternateName":"stockbeautytiendadebellezaenlinea","potentialAction":[{"@type":"SearchAction","target":{"@type":"EntryPoint","urlTemplate":"http:\/\/stockbeauty.payshop.com.co\/?s={search_term_string}"},"query-input":{"@type":"PropertyValueSpecification","valueRequired":true,"valueName":"search_term_string"}}],"inLanguage":"es"},{"@type":"Organization","@id":"http:\/\/stockbeauty.payshop.com.co\/#organization","name":"STOCK BEAUTY","alternateName":"stock beauty tienda de belleza en linea","url":"http:\/\/stockbeauty.payshop.com.co\/","logo":{"@type":"ImageObject","inLanguage":"es","@id":"http:\/\/stockbeauty.payshop.com.co\/#\/schema\/logo\/image\/","url":"https:\/\/stockbeauty.payshop.com.co\/wp-content\/uploads\/sites\/72\/2023\/03\/Aviso-frontal-interior-y-jpg-distintos-usos.jpg","contentUrl":"https:\/\/stockbeauty.payshop.com.co\/wp-content\/uploads\/sites\/72\/2023\/03\/Aviso-frontal-interior-y-jpg-distintos-usos.jpg","width":900,"height":900,"caption":"STOCK BEAUTY"},"image":{"@id":"http:\/\/stockbeauty.payshop.com.co\/#\/schema\/logo\/image\/"},"sameAs":["https:\/\/www.facebook.com\/StockBeautyColombia?locale=es_LA","https:\/\/x.com\/StockBeauty","https:\/\/www.instagram.com\/stockbeautycolombia\/","https:\/\/www.youtube.com\/@StockbeautyAprenderdebelleza","https:\/\/www.linkedin.com\/feed\/"]}]}},"_links":{"self":[{"href":"http:\/\/stockbeauty.payshop.com.co\/index.php?rest_route=\/wp\/v2\/product\/162","targetHints":{"allow":["GET"]}}],"collection":[{"href":"http:\/\/stockbeauty.payshop.com.co\/index.php?rest_route=\/wp\/v2\/product"}],"about":[{"href":"http:\/\/stockbeauty.payshop.com.co\/index.php?rest_route=\/wp\/v2\/types\/product"}],"replies":[{"embeddable":true,"href":"http:\/\/stockbeauty.payshop.com.co\/index.php?rest_route=%2Fwp%2Fv2%2Fcomments&post=162"}],"wp:featuredmedia":[{"embeddable":true,"href":"http:\/\/stockbeauty.payshop.com.co\/index.php?rest_route=\/wp\/v2\/media\/161"}],"wp:attachment":[{"href":"http:\/\/stockbeauty.payshop.com.co\/index.php?rest_route=%2Fwp%2Fv2%2Fmedia&parent=162"}],"wp:term":[{"taxonomy":"product_brand","embeddable":true,"href":"http:\/\/stockbeauty.payshop.com.co\/index.php?rest_route=%2Fwp%2Fv2%2Fproduct_brand&post=162"},{"taxonomy":"product_cat","embeddable":true,"href":"http:\/\/stockbeauty.payshop.com.co\/index.php?rest_route=%2Fwp%2Fv2%2Fproduct_cat&post=162"},{"taxonomy":"product_tag","embeddable":true,"href":"http:\/\/stockbeauty.payshop.com.co\/index.php?rest_route=%2Fwp%2Fv2%2Fproduct_tag&post=162"}],"curies":[{"name":"wp","href":"https:\/\/api.w.org\/{rel}","templated":true}]}}